{"id":11,"date":"2021-11-03T12:56:10","date_gmt":"2021-11-03T11:56:10","guid":{"rendered":"https:\/\/cpk.org.pl\/obserwatorium-kobietobojstwo\/?page_id=11"},"modified":"2021-12-13T11:13:32","modified_gmt":"2021-12-13T10:13:32","slug":"o-obserwatorium","status":"publish","type":"page","link":"https:\/\/cpk.org.pl\/obserwatorium-kobietobojstwo\/o-obserwatorium\/","title":{"rendered":"O Obserwatorium"},"content":{"rendered":"\n<p>Obserwatorium ds. Kobietob\u00f3jstwa przy Centrum Praw Kobiet jest projektem wa\u017cnym spo\u0142ecznie i odpowiadaj\u0105cym wyzwaniom, jakie stawia przed nami wzrastaj\u0105ca w czasie pandemii fala przemocy wobec kobiet<strong>.<\/strong><\/p>\n\n\n\n<p>Cele naszego Obserwatorium dobrze oddaje has\u0142o-symbol protest\u00f3w przeciwko zab\u00f3jstwom kobiet, nie tylko w Ameryce \u0141aci\u0144skiej, ale r\u00f3wnie\u017c w Europie i na \u015bwiecie <strong>&nbsp;\u201eAni jednej kobiety mniej, ani jednej \u015bmierci wi\u0119cej\u201d<\/strong>.<\/p>\n\n\n\n<h2 class=\"wp-block-heading\">Obserwatorium ds. Kobietob\u00f3jstwa b\u0119dzie:<\/h2>\n\n\n\n<div class=\"wp-block-columns is-layout-flex wp-container-core-columns-is-layout-9d6595d7 wp-block-columns-is-layout-flex\">\n<div class=\"wp-block-column is-layout-flow wp-block-column-is-layout-flow\">\n<p>\u2022 Monitorowa\u0107 i diagnozowa\u0107 sprawy zwi\u0105zane ze \u015bmierci\u0105 kobiet z pomoc\u0105 przeszkolonych rzeczniczek.<\/p>\n\n\n\n<p>\u2022 Zbiera\u0107 dane dotycz\u0105ce zab\u00f3jstw i podejrzenia zab\u00f3jstwa lub samob\u00f3jstwa oraz usi\u0142owa\u0144, a tak\u017ce zagini\u0119\u0107 kobiet w sytuacji, kt\u00f3ra pozwala podejrzewa\u0107, \u017ce mog\u0142o doj\u015b\u0107 do zab\u00f3jstwa.<\/p>\n\n\n\n<p>\u2022 Opracowywa\u0107 model pozwalaj\u0105cy na koordynacj\u0119 dzia\u0142a\u0144 zwi\u0105zanych z badaniem spraw, w kt\u00f3rych kobieta ponios\u0142a \u015bmier\u0107 w zwi\u0105zku z doznawan\u0105 wcze\u015bniej przemoc\u0105.<\/p>\n\n\n\n<p>\u2022 Wypracowywa\u0107 propozycje zmian legislacyjnych i instytucjonalnych, kt\u00f3re pozwoli\u0142yby skutecznie szacowa\u0107 zagro\u017cenie i chroni\u0107 kobiety i dzieci przed ci\u0119\u017ckimi obra\u017ceniami cia\u0142a i zab\u00f3jstwem.<\/p>\n\n\n\n<p>\u2022 Wypracowywa\u0107 propozycje kompleksowych narz\u0119dzi do szacowania ryzyka oraz procedury post\u0119powania w wypadku, gdy zagro\u017cenie eskalacj\u0105 przemocy lub zab\u00f3jstwem jest du\u017ce.<\/p>\n\n\n\n<p>\u2022 Wspiera\u0107 rodziny i osoby bliskie kobietom, udzielaj\u0105c im wsparcia prawnego i psychologicznego.<\/p>\n\n\n\n<p>\u2022 Podejmowa\u0107 dzia\u0142ania podnosz\u0105ce \u015bwiadomo\u015b\u0107 s\u0142u\u017cb i ca\u0142ego spo\u0142ecze\u0144stwa na temat skutk\u00f3w przemocy wobec kobiet \u2013 w tym kobietob\u00f3jstwa.<\/p>\n\n\n\n<p>\u2022 Wypracowywa\u0107 wytyczne dotycz\u0105ce gromadzenia i przetwarzania danych statystycznych, kt\u00f3re pozwol\u0105 nie tylko pozna\u0107 skal\u0119 zjawiska, ale tak\u017ce pos\u0142u\u017c\u0105 do&nbsp; ewaluacji istniej\u0105cych rozwi\u0105za\u0144 systemowych i prawnych.<\/p>\n\n\n\n<p>\u2022 Organizowa\u0107 w przestrzeni publicznej wydarzenia po\u015bwi\u0119cone upami\u0119tnieniu zamordowanych kobiet. <\/p>\n\n\n\n<p>\u2022 Wydawa\u0107 raporty z monitoringu wraz z rekomendacjami.<\/p>\n<\/div>\n<\/div>\n\n\n\n<p>W ramach projektu planujemy tak\u017ce zorganizowa\u0107 konferencj\u0119 podsumowuj\u0105c\u0105 realizacj\u0119 projektu oraz prezentuj\u0105cej rekomendacje i propozycje konkretnych zmian legislacyjnych i instytucjonalnych, kt\u00f3re pozwol\u0105 ograniczy\u0107 liczb\u0119 zab\u00f3jstw kobiet. Osoby zainteresowane zapraszamy do wsp\u00f3\u0142pracy, a rodziny kobiet, kt\u00f3re straci\u0142y \u017cycie w zwi\u0105zku z doznawan\u0105 przemoc\u0105 lub ze wzgl\u0119du na swoj\u0105 p\u0142e\u0107 do kontaktu z naszym Obserwatorium. Chcemy spisa\u0107 i opisa\u0107 ka\u017cdy przypadek zab\u00f3jstwa kobiety, do kt\u00f3rego dosz\u0142o ze wzgl\u0119du na jej p\u0142e\u0107, a ka\u017cd\u0105 przes\u0142an\u0105 nam histori\u0119 spiszemy i opublikujemy na stronie projektu, oczywi\u015bcie za zgod\u0105 osoby, kt\u00f3ra nam j\u0105 przeka\u017ce. Prosimy pisa\u0107 na adres mailowy <a href=\"mailto:obserwatorium@cpk.org.pl\">obserwatorium@cpk.org.pl<\/a><\/p>\n\n\n\n<div class=\"wp-block-image\"><figure class=\"aligncenter size-large\"><img loading=\"lazy\" decoding=\"async\" width=\"1024\" height=\"461\" src=\"https:\/\/cpk.org.pl\/obserwatorium-kobietobojstwo\/wp-content\/uploads\/2021\/12\/kopia-copy-of-copy-of-copy-of-copy-of-untitled-design1-1024x461.png\" alt=\"\" class=\"wp-image-171\" srcset=\"https:\/\/cpk.org.pl\/obserwatorium-kobietobojstwo\/wp-content\/uploads\/2021\/12\/kopia-copy-of-copy-of-copy-of-copy-of-untitled-design1-1024x461.png 1024w, https:\/\/cpk.org.pl\/obserwatorium-kobietobojstwo\/wp-content\/uploads\/2021\/12\/kopia-copy-of-copy-of-copy-of-copy-of-untitled-design1-300x135.png 300w, https:\/\/cpk.org.pl\/obserwatorium-kobietobojstwo\/wp-content\/uploads\/2021\/12\/kopia-copy-of-copy-of-copy-of-copy-of-untitled-design1-768x346.png 768w, https:\/\/cpk.org.pl\/obserwatorium-kobietobojstwo\/wp-content\/uploads\/2021\/12\/kopia-copy-of-copy-of-copy-of-copy-of-untitled-design1-1536x691.png 1536w, https:\/\/cpk.org.pl\/obserwatorium-kobietobojstwo\/wp-content\/uploads\/2021\/12\/kopia-copy-of-copy-of-copy-of-copy-of-untitled-design1.png 2000w\" sizes=\"auto, (max-width: 1024px) 100vw, 1024px\" \/><\/figure><\/div>\n","protected":false},"excerpt":{"rendered":"<p>Obserwatorium ds. Kobietob\u00f3jstwa przy Centrum Praw Kobiet jest projektem wa\u017cnym spo\u0142ecznie i odpowiadaj\u0105cym wyzwaniom, jakie stawia przed nami wzrastaj\u0105ca w czasie pandemii fala przemocy wobec kobiet. Cele naszego Obserwatorium dobrze oddaje has\u0142o-symbol protest\u00f3w przeciwko zab\u00f3jstwom kobiet,&#8230; <a class=\"more\" href=\"https:\/\/cpk.org.pl\/obserwatorium-kobietobojstwo\/o-obserwatorium\/\"> Wi\u0119cej &rarr;<\/a><\/p>\n","protected":false},"author":1,"featured_media":0,"parent":0,"menu_order":0,"comment_status":"closed","ping_status":"closed","template":"","meta":{"footnotes":""},"class_list":["post-11","page","type-page","status-publish","hentry"],"_links":{"self":[{"href":"https:\/\/cpk.org.pl\/obserwatorium-kobietobojstwo\/wp-json\/wp\/v2\/pages\/11","targetHints":{"allow":["GET"]}}],"collection":[{"href":"https:\/\/cpk.org.pl\/obserwatorium-kobietobojstwo\/wp-json\/wp\/v2\/pages"}],"about":[{"href":"https:\/\/cpk.org.pl\/obserwatorium-kobietobojstwo\/wp-json\/wp\/v2\/types\/page"}],"author":[{"embeddable":true,"href":"https:\/\/cpk.org.pl\/obserwatorium-kobietobojstwo\/wp-json\/wp\/v2\/users\/1"}],"replies":[{"embeddable":true,"href":"https:\/\/cpk.org.pl\/obserwatorium-kobietobojstwo\/wp-json\/wp\/v2\/comments?post=11"}],"version-history":[{"count":8,"href":"https:\/\/cpk.org.pl\/obserwatorium-kobietobojstwo\/wp-json\/wp\/v2\/pages\/11\/revisions"}],"predecessor-version":[{"id":173,"href":"https:\/\/cpk.org.pl\/obserwatorium-kobietobojstwo\/wp-json\/wp\/v2\/pages\/11\/revisions\/173"}],"wp:attachment":[{"href":"https:\/\/cpk.org.pl\/obserwatorium-kobietobojstwo\/wp-json\/wp\/v2\/media?parent=11"}],"curies":[{"name":"wp","href":"https:\/\/api.w.org\/{rel}","templated":true}]}}