{"id":22,"date":"2021-11-03T13:00:14","date_gmt":"2021-11-03T12:00:14","guid":{"rendered":"https:\/\/cpk.org.pl\/obserwatorium-kobietobojstwo\/?page_id=22"},"modified":"2021-12-13T14:49:01","modified_gmt":"2021-12-13T13:49:01","slug":"kontakt","status":"publish","type":"page","link":"https:\/\/cpk.org.pl\/obserwatorium-kobietobojstwo\/kontakt\/","title":{"rendered":"Kontakt"},"content":{"rendered":"\n<div class=\"wp-block-columns is-layout-flex wp-container-core-columns-is-layout-9d6595d7 wp-block-columns-is-layout-flex\">\n<div class=\"wp-block-column is-layout-flow wp-block-column-is-layout-flow\">\n<p><strong>Siedziba g\u0142\u00f3wna Fundacji Centrum Praw Kobiet&nbsp;&nbsp;<\/strong><\/p>\n\n\n\n<p>ul. Wilcza 60 lok. 19<br>00-679 Warszawa<br><strong>tel\/faks:<\/strong>&nbsp;(22) 622-25-17<br><strong>kom.<\/strong>&nbsp;509-790-232<strong><br>e-mail:&nbsp;<\/strong><a href=\"mailto:sekretariat@cpk.org.pl\">sekretariat@cpk.org.pl<\/a><br><strong>KRS:&nbsp;<\/strong>0000188668<br><strong>nr konta<\/strong>&nbsp;59 1020 1156 0000 7102 0059 9241<\/p>\n\n\n\n<p><strong>Godziny otwarcia sekretariatu:<\/strong><\/p>\n\n\n\n<p>poniedzia\u0142ek i pi\u0105tek:&nbsp;<strong>9:00-17:00<\/strong><br>wtorek, \u015broda, czwartek:&nbsp;<strong>9:00-19:50<\/strong><\/p>\n<\/div>\n\n\n\n<div class=\"wp-block-column is-layout-flow wp-block-column-is-layout-flow\">\n<p><strong>Masz informacje o:<\/strong><\/p>\n\n\n\n<ul class=\"wp-block-list\"><li>zab\u00f3jstwie lub usi\u0142owaniu zab\u00f3jstwa na tle przemocy lub nienawi\u015bci do kobiet?<\/li><li>zagini\u0119ciu lub samob\u00f3jstwie kobiety w zwi\u0105zku z doznawan\u0105 przemoc\u0105?<\/li><li>sprawie, kt\u00f3ra toczy si\u0119 w s\u0105dzie?<\/li><\/ul>\n\n\n\n<p><strong>Potrzebujesz naszego wsparcia?<\/strong><\/p>\n\n\n\n<p>Napisz do nas: <a href=\"mailto:obserwatorium@cpk.org.pl\">obserwatorium@cpk.org.pl<\/a><\/p>\n<\/div>\n<\/div>\n","protected":false},"excerpt":{"rendered":"<p>Siedziba g\u0142\u00f3wna Fundacji Centrum Praw Kobiet&nbsp;&nbsp; ul. Wilcza 60 lok. 1900-679 Warszawatel\/faks:&nbsp;(22) 622-25-17kom.&nbsp;509-790-232e-mail:&nbsp;sekretariat@cpk.org.plKRS:&nbsp;0000188668nr konta&nbsp;59 1020 1156 0000 7102 0059 9241 Godziny otwarcia sekretariatu: poniedzia\u0142ek i pi\u0105tek:&nbsp;9:00-17:00wtorek, \u015broda, czwartek:&nbsp;9:00-19:50 Masz informacje o: zab\u00f3jstwie lub usi\u0142owaniu zab\u00f3jstwa na&#8230; <a class=\"more\" href=\"https:\/\/cpk.org.pl\/obserwatorium-kobietobojstwo\/kontakt\/\"> Wi\u0119cej &rarr;<\/a><\/p>\n","protected":false},"author":1,"featured_media":0,"parent":0,"menu_order":0,"comment_status":"closed","ping_status":"closed","template":"","meta":{"footnotes":""},"class_list":["post-22","page","type-page","status-publish","hentry"],"_links":{"self":[{"href":"https:\/\/cpk.org.pl\/obserwatorium-kobietobojstwo\/wp-json\/wp\/v2\/pages\/22","targetHints":{"allow":["GET"]}}],"collection":[{"href":"https:\/\/cpk.org.pl\/obserwatorium-kobietobojstwo\/wp-json\/wp\/v2\/pages"}],"about":[{"href":"https:\/\/cpk.org.pl\/obserwatorium-kobietobojstwo\/wp-json\/wp\/v2\/types\/page"}],"author":[{"embeddable":true,"href":"https:\/\/cpk.org.pl\/obserwatorium-kobietobojstwo\/wp-json\/wp\/v2\/users\/1"}],"replies":[{"embeddable":true,"href":"https:\/\/cpk.org.pl\/obserwatorium-kobietobojstwo\/wp-json\/wp\/v2\/comments?post=22"}],"version-history":[{"count":4,"href":"https:\/\/cpk.org.pl\/obserwatorium-kobietobojstwo\/wp-json\/wp\/v2\/pages\/22\/revisions"}],"predecessor-version":[{"id":226,"href":"https:\/\/cpk.org.pl\/obserwatorium-kobietobojstwo\/wp-json\/wp\/v2\/pages\/22\/revisions\/226"}],"wp:attachment":[{"href":"https:\/\/cpk.org.pl\/obserwatorium-kobietobojstwo\/wp-json\/wp\/v2\/media?parent=22"}],"curies":[{"name":"wp","href":"https:\/\/api.w.org\/{rel}","templated":true}]}}